{"id":20,"date":"2025-05-20T08:00:48","date_gmt":"2025-05-20T08:00:48","guid":{"rendered":"https:\/\/novum-spero.digital-adviser.eu\/?page_id=20"},"modified":"2025-06-23T12:19:22","modified_gmt":"2025-06-23T12:19:22","slug":"leadership","status":"publish","type":"page","link":"https:\/\/novumspero.com\/hr\/leadership\/","title":{"rendered":"Uprava i vodstvo"},"content":{"rendered":"<div data-elementor-type=\"wp-page\" data-elementor-id=\"20\" class=\"elementor elementor-20\" data-elementor-post-type=\"page\">\n\t\t\t\t<div class=\"elementor-element elementor-element-847c77b e-grid e-con-boxed e-con e-parent\" data-id=\"847c77b\" data-element_type=\"container\" data-settings=\"{&quot;background_background&quot;:&quot;classic&quot;,&quot;background_motion_fx_motion_fx_scrolling&quot;:&quot;yes&quot;,&quot;background_motion_fx_blur_effect&quot;:&quot;yes&quot;,&quot;background_motion_fx_blur_direction&quot;:&quot;in-out&quot;,&quot;background_motion_fx_blur_level&quot;:{&quot;unit&quot;:&quot;px&quot;,&quot;size&quot;:2,&quot;sizes&quot;:[]},&quot;background_motion_fx_blur_range&quot;:{&quot;unit&quot;:&quot;%&quot;,&quot;size&quot;:&quot;&quot;,&quot;sizes&quot;:{&quot;start&quot;:20,&quot;end&quot;:80}},&quot;background_motion_fx_devices&quot;:[&quot;desktop&quot;,&quot;tablet&quot;,&quot;mobile&quot;]}\">\n\t\t\t\t\t<div class=\"e-con-inner\">\n\t\t<div class=\"elementor-element elementor-element-0548eb1 e-flex e-con-boxed e-con e-child\" data-id=\"0548eb1\" data-element_type=\"container\">\n\t\t\t\t\t<div class=\"e-con-inner\">\n\t\t\t\t<div class=\"elementor-element elementor-element-1dac553 elementor-invisible elementor-widget elementor-widget-text-editor\" data-id=\"1dac553\" data-element_type=\"widget\" data-settings=\"{&quot;_animation&quot;:&quot;fadeInLeft&quot;}\" data-widget_type=\"text-editor.default\">\n\t\t\t\t<div class=\"elementor-widget-container\">\n\t\t\t\t\t\t\t\t\tSaznajte vi\u0161e o\u2026\t\t\t\t\t\t\t\t<\/div>\n\t\t\t\t<\/div>\n\t\t\t\t<div class=\"elementor-element elementor-element-a0a9617 elementor-widget elementor-widget-heading\" data-id=\"a0a9617\" data-element_type=\"widget\" data-widget_type=\"heading.default\">\n\t\t\t\t<div class=\"elementor-widget-container\">\n\t\t\t\t\t<h2 class=\"elementor-heading-title elementor-size-default\">Uprava i vodstvo<\/h2>\t\t\t\t<\/div>\n\t\t\t\t<\/div>\n\t\t\t\t<div class=\"elementor-element elementor-element-abf7e42 elementor-widget-divider--view-line elementor-widget elementor-widget-divider\" data-id=\"abf7e42\" data-element_type=\"widget\" data-widget_type=\"divider.default\">\n\t\t\t\t<div class=\"elementor-widget-container\">\n\t\t\t\t\t\t\t<div class=\"elementor-divider\">\n\t\t\t<span class=\"elementor-divider-separator\">\n\t\t\t\t\t\t<\/span>\n\t\t<\/div>\n\t\t\t\t\t\t<\/div>\n\t\t\t\t<\/div>\n\t\t\t\t<div class=\"elementor-element elementor-element-cb4ed78 elementor-widget elementor-widget-text-editor\" data-id=\"cb4ed78\" data-element_type=\"widget\" data-widget_type=\"text-editor.default\">\n\t\t\t\t<div class=\"elementor-widget-container\">\n\t\t\t\t\t\t\t\t\t<p>NOVUM SPERO d.o.o. je zakoniti vlasnik formule i nositelj patenta za prvi dokazani antitumorski lijek na svijetu.<\/p>\t\t\t\t\t\t\t\t<\/div>\n\t\t\t\t<\/div>\n\t\t\t\t<div class=\"elementor-element elementor-element-4095b04 elementor-mobile-align-center elementor-widget elementor-widget-button\" data-id=\"4095b04\" data-element_type=\"widget\" id=\"L 1\" data-widget_type=\"button.default\">\n\t\t\t\t<div class=\"elementor-widget-container\">\n\t\t\t\t\t\t\t\t\t<div class=\"elementor-button-wrapper\">\n\t\t\t\t\t<a class=\"elementor-button elementor-button-link elementor-size-sm\" href=\"https:\/\/novumspero.com\/hr\/contact-us\/\">\n\t\t\t\t\t\t<span class=\"elementor-button-content-wrapper\">\n\t\t\t\t\t\t\t\t\t<span class=\"elementor-button-text\">Kontakt za suradnju<\/span>\n\t\t\t\t\t<\/span>\n\t\t\t\t\t<\/a>\n\t\t\t\t<\/div>\n\t\t\t\t\t\t\t\t<\/div>\n\t\t\t\t<\/div>\n\t\t\t\t\t<\/div>\n\t\t\t\t<\/div>\n\t\t\t\t\t<\/div>\n\t\t\t\t<\/div>\n\t\t<div class=\"elementor-element elementor-element-e4d5229 e-con-full e-flex e-con e-parent\" data-id=\"e4d5229\" data-element_type=\"container\" data-settings=\"{&quot;background_background&quot;:&quot;classic&quot;,&quot;background_motion_fx_motion_fx_scrolling&quot;:&quot;yes&quot;,&quot;background_motion_fx_devices&quot;:[&quot;desktop&quot;,&quot;tablet&quot;,&quot;mobile&quot;]}\">\n\t\t<div class=\"elementor-element elementor-element-155ed26 e-grid e-con-boxed e-con e-child\" data-id=\"155ed26\" data-element_type=\"container\">\n\t\t\t\t\t<div class=\"e-con-inner\">\n\t\t<div class=\"elementor-element elementor-element-89e9824 e-con-full e-grid e-con e-child\" data-id=\"89e9824\" data-element_type=\"container\" data-settings=\"{&quot;background_background&quot;:&quot;classic&quot;}\">\n\t\t\t\t<div class=\"elementor-element elementor-element-a28bed7 elementor-widget elementor-widget-text-editor\" data-id=\"a28bed7\" data-element_type=\"widget\" data-widget_type=\"text-editor.default\">\n\t\t\t\t<div class=\"elementor-widget-container\">\n\t\t\t\t\t\t\t\t\t<p>Davor Denac, izvr\u0161ni direktor<\/p>\t\t\t\t\t\t\t\t<\/div>\n\t\t\t\t<\/div>\n\t\t\t\t<div class=\"elementor-element elementor-element-962ba21 elementor-widget elementor-widget-image\" data-id=\"962ba21\" data-element_type=\"widget\" data-widget_type=\"image.default\">\n\t\t\t\t<div class=\"elementor-widget-container\">\n\t\t\t\t\t\t\t\t\t\t\t\t\t\t\t<img fetchpriority=\"high\" decoding=\"async\" width=\"768\" height=\"768\" src=\"https:\/\/novumspero.com\/wp-content\/uploads\/2025\/06\/1750096588792.webp\" class=\"attachment-large size-large wp-image-742\" alt=\"\" srcset=\"https:\/\/novumspero.com\/wp-content\/uploads\/2025\/06\/1750096588792.webp 768w, https:\/\/novumspero.com\/wp-content\/uploads\/2025\/06\/1750096588792-300x300.webp 300w, https:\/\/novumspero.com\/wp-content\/uploads\/2025\/06\/1750096588792-150x150.webp 150w, https:\/\/novumspero.com\/wp-content\/uploads\/2025\/06\/1750096588792-600x600.webp 600w\" sizes=\"(max-width: 768px) 100vw, 768px\" \/>\t\t\t\t\t\t\t\t\t\t\t\t\t\t\t<\/div>\n\t\t\t\t<\/div>\n\t\t\t\t<\/div>\n\t\t<div class=\"elementor-element elementor-element-6433407 e-con-full e-grid e-con e-child\" data-id=\"6433407\" data-element_type=\"container\" data-settings=\"{&quot;background_background&quot;:&quot;classic&quot;}\">\n\t\t\t\t<div class=\"elementor-element elementor-element-e761672 elementor-widget elementor-widget-text-editor\" data-id=\"e761672\" data-element_type=\"widget\" data-widget_type=\"text-editor.default\">\n\t\t\t\t<div class=\"elementor-widget-container\">\n\t\t\t\t\t\t\t\t\t<p>Dinko Vukeli\u0107, prokurista<\/p>\t\t\t\t\t\t\t\t<\/div>\n\t\t\t\t<\/div>\n\t\t\t\t<div class=\"elementor-element elementor-element-34cd640 elementor-widget elementor-widget-image\" data-id=\"34cd640\" data-element_type=\"widget\" data-widget_type=\"image.default\">\n\t\t\t\t<div class=\"elementor-widget-container\">\n\t\t\t\t\t\t\t\t\t\t\t\t\t\t\t<img decoding=\"async\" width=\"768\" height=\"768\" src=\"https:\/\/novumspero.com\/wp-content\/uploads\/2025\/06\/1750096588797.webp\" class=\"attachment-large size-large wp-image-743\" alt=\"\" srcset=\"https:\/\/novumspero.com\/wp-content\/uploads\/2025\/06\/1750096588797.webp 768w, https:\/\/novumspero.com\/wp-content\/uploads\/2025\/06\/1750096588797-300x300.webp 300w, https:\/\/novumspero.com\/wp-content\/uploads\/2025\/06\/1750096588797-150x150.webp 150w, https:\/\/novumspero.com\/wp-content\/uploads\/2025\/06\/1750096588797-600x600.webp 600w\" sizes=\"(max-width: 768px) 100vw, 768px\" \/>\t\t\t\t\t\t\t\t\t\t\t\t\t\t\t<\/div>\n\t\t\t\t<\/div>\n\t\t\t\t<\/div>\n\t\t\t\t\t<\/div>\n\t\t\t\t<\/div>\n\t\t\t\t<\/div>\n\t\t<div class=\"elementor-element elementor-element-4553733 e-flex e-con-boxed e-con e-parent\" data-id=\"4553733\" data-element_type=\"container\" data-settings=\"{&quot;background_background&quot;:&quot;classic&quot;}\">\n\t\t\t\t\t<div class=\"e-con-inner\">\n\t\t<div class=\"elementor-element elementor-element-6e787cd e-con-full e-flex e-con e-child\" data-id=\"6e787cd\" data-element_type=\"container\">\n\t\t\t\t<div class=\"elementor-element elementor-element-63f2b79 elementor-widget__width-initial elementor-widget elementor-widget-heading\" data-id=\"63f2b79\" data-element_type=\"widget\" data-widget_type=\"heading.default\">\n\t\t\t\t<div class=\"elementor-widget-container\">\n\t\t\t\t\t<h2 class=\"elementor-heading-title elementor-size-default\">R&amp;D<\/h2>\t\t\t\t<\/div>\n\t\t\t\t<\/div>\n\t\t\t\t<div class=\"elementor-element elementor-element-52c97be elementor-widget elementor-widget-text-editor\" data-id=\"52c97be\" data-element_type=\"widget\" data-widget_type=\"text-editor.default\">\n\t\t\t\t<div class=\"elementor-widget-container\">\n\t\t\t\t\t\t\t\t\tNa\u0161 tim za istra\u017eivanje i razvoj sastoji se od visoko cijenjenih znanstvenika koji su me\u0111unarodno priznati stru\u010dnjaci u farmaceutskoj i biotehnolo\u0161koj industriji.\t\t\t\t\t\t\t\t<\/div>\n\t\t\t\t<\/div>\n\t\t\t\t<\/div>\n\t\t\t\t\t<\/div>\n\t\t\t\t<\/div>\n\t\t\t\t<\/div>","protected":false},"excerpt":{"rendered":"<p>Search more about&#8230; Leadership NOVUM SPERO d.o.o. is the rightful owner of the formula and hold the patent for the world\u2019s first proven\u00a0anti-tumor drug. Contact for Collaboration Davor Denac, Executive Director Dinko Vukeli\u0107, Procurement manager R&amp;D Our R&amp;D team consists of highly esteemed scientists who are internationally recognized experts in the pharmaceutical and biotechnology industries.<\/p>","protected":false},"author":1,"featured_media":461,"parent":0,"menu_order":0,"comment_status":"closed","ping_status":"closed","template":"elementor_header_footer","meta":{"footnotes":""},"class_list":["post-20","page","type-page","status-publish","has-post-thumbnail","hentry","entry","has-media"],"yoast_head":"<!-- This site is optimized with the Yoast SEO plugin v25.7 - https:\/\/yoast.com\/wordpress\/plugins\/seo\/ -->\n<title>Leadership - NOVUM SPERO<\/title>\n<meta name=\"robots\" content=\"index, follow, max-snippet:-1, max-image-preview:large, max-video-preview:-1\" \/>\n<link rel=\"canonical\" href=\"https:\/\/novumspero.com\/hr\/leadership\/\" \/>\n<meta property=\"og:locale\" content=\"hr_HR\" \/>\n<meta property=\"og:type\" content=\"article\" \/>\n<meta property=\"og:title\" content=\"Leadership - NOVUM SPERO\" \/>\n<meta property=\"og:description\" content=\"Search more about&#8230; Leadership NOVUM SPERO d.o.o. is the rightful owner of the formula and hold the patent for the world\u2019s first proven\u00a0anti-tumor drug. Contact for Collaboration Davor Denac, Executive Director Dinko Vukeli\u0107, Procurement manager R&amp;D Our R&amp;D team consists of highly esteemed scientists who are internationally recognized experts in the pharmaceutical and biotechnology industries.\" \/>\n<meta property=\"og:url\" content=\"https:\/\/novumspero.com\/hr\/leadership\/\" \/>\n<meta property=\"og:site_name\" content=\"NOVUM SPERO\" \/>\n<meta property=\"article:modified_time\" content=\"2025-06-23T12:19:22+00:00\" \/>\n<meta property=\"og:image\" content=\"https:\/\/novumspero.com\/wp-content\/uploads\/2025\/06\/laboratory-8895977_1920-e1749128877459.webp\" \/>\n\t<meta property=\"og:image:width\" content=\"1523\" \/>\n\t<meta property=\"og:image:height\" content=\"1280\" \/>\n\t<meta property=\"og:image:type\" content=\"image\/webp\" \/>\n<meta name=\"twitter:card\" content=\"summary_large_image\" \/>\n<meta name=\"twitter:label1\" content=\"Procijenjeno vrijeme \u010ditanja\" \/>\n\t<meta name=\"twitter:data1\" content=\"1 minuta\" \/>\n<script type=\"application\/ld+json\" class=\"yoast-schema-graph\">{\"@context\":\"https:\/\/schema.org\",\"@graph\":[{\"@type\":\"WebPage\",\"@id\":\"https:\/\/novumspero.com\/hr\/leadership\/\",\"url\":\"https:\/\/novumspero.com\/hr\/leadership\/\",\"name\":\"Leadership - NOVUM SPERO\",\"isPartOf\":{\"@id\":\"https:\/\/novumspero.com\/#website\"},\"primaryImageOfPage\":{\"@id\":\"https:\/\/novumspero.com\/hr\/leadership\/#primaryimage\"},\"image\":{\"@id\":\"https:\/\/novumspero.com\/hr\/leadership\/#primaryimage\"},\"thumbnailUrl\":\"https:\/\/novumspero.com\/wp-content\/uploads\/2025\/06\/laboratory-8895977_1920-e1749128877459.webp\",\"datePublished\":\"2025-05-20T08:00:48+00:00\",\"dateModified\":\"2025-06-23T12:19:22+00:00\",\"breadcrumb\":{\"@id\":\"https:\/\/novumspero.com\/hr\/leadership\/#breadcrumb\"},\"inLanguage\":\"hr\",\"potentialAction\":[{\"@type\":\"ReadAction\",\"target\":[\"https:\/\/novumspero.com\/hr\/leadership\/\"]}]},{\"@type\":\"ImageObject\",\"inLanguage\":\"hr\",\"@id\":\"https:\/\/novumspero.com\/hr\/leadership\/#primaryimage\",\"url\":\"https:\/\/novumspero.com\/wp-content\/uploads\/2025\/06\/laboratory-8895977_1920-e1749128877459.webp\",\"contentUrl\":\"https:\/\/novumspero.com\/wp-content\/uploads\/2025\/06\/laboratory-8895977_1920-e1749128877459.webp\",\"width\":1523,\"height\":1280},{\"@type\":\"BreadcrumbList\",\"@id\":\"https:\/\/novumspero.com\/hr\/leadership\/#breadcrumb\",\"itemListElement\":[{\"@type\":\"ListItem\",\"position\":1,\"name\":\"Home\",\"item\":\"https:\/\/novumspero.com\/en\/\"},{\"@type\":\"ListItem\",\"position\":2,\"name\":\"Leadership\"}]},{\"@type\":\"WebSite\",\"@id\":\"https:\/\/novumspero.com\/#website\",\"url\":\"https:\/\/novumspero.com\/\",\"name\":\"NOVUM SPERO\",\"description\":\"Revolution in Antibiotics and First Anti-Tumor Drug\",\"publisher\":{\"@id\":\"https:\/\/novumspero.com\/#organization\"},\"potentialAction\":[{\"@type\":\"SearchAction\",\"target\":{\"@type\":\"EntryPoint\",\"urlTemplate\":\"https:\/\/novumspero.com\/?s={search_term_string}\"},\"query-input\":{\"@type\":\"PropertyValueSpecification\",\"valueRequired\":true,\"valueName\":\"search_term_string\"}}],\"inLanguage\":\"hr\"},{\"@type\":\"Organization\",\"@id\":\"https:\/\/novumspero.com\/#organization\",\"name\":\"NOVUM SPERO\",\"url\":\"https:\/\/novumspero.com\/\",\"logo\":{\"@type\":\"ImageObject\",\"inLanguage\":\"hr\",\"@id\":\"https:\/\/novumspero.com\/#\/schema\/logo\/image\/\",\"url\":\"https:\/\/novumspero.com\/wp-content\/uploads\/2025\/06\/NS.webp\",\"contentUrl\":\"https:\/\/novumspero.com\/wp-content\/uploads\/2025\/06\/NS.webp\",\"width\":115,\"height\":90,\"caption\":\"NOVUM SPERO\"},\"image\":{\"@id\":\"https:\/\/novumspero.com\/#\/schema\/logo\/image\/\"}}]}<\/script>\n<!-- \/ Yoast SEO plugin. -->","yoast_head_json":{"title":"Leadership - NOVUM SPERO","robots":{"index":"index","follow":"follow","max-snippet":"max-snippet:-1","max-image-preview":"max-image-preview:large","max-video-preview":"max-video-preview:-1"},"canonical":"https:\/\/novumspero.com\/hr\/leadership\/","og_locale":"hr_HR","og_type":"article","og_title":"Leadership - NOVUM SPERO","og_description":"Search more about&#8230; Leadership NOVUM SPERO d.o.o. is the rightful owner of the formula and hold the patent for the world\u2019s first proven\u00a0anti-tumor drug. Contact for Collaboration Davor Denac, Executive Director Dinko Vukeli\u0107, Procurement manager R&amp;D Our R&amp;D team consists of highly esteemed scientists who are internationally recognized experts in the pharmaceutical and biotechnology industries.","og_url":"https:\/\/novumspero.com\/hr\/leadership\/","og_site_name":"NOVUM SPERO","article_modified_time":"2025-06-23T12:19:22+00:00","og_image":[{"width":1523,"height":1280,"url":"https:\/\/novumspero.com\/wp-content\/uploads\/2025\/06\/laboratory-8895977_1920-e1749128877459.webp","type":"image\/webp"}],"twitter_card":"summary_large_image","twitter_misc":{"Procijenjeno vrijeme \u010ditanja":"1 minuta"},"schema":{"@context":"https:\/\/schema.org","@graph":[{"@type":"WebPage","@id":"https:\/\/novumspero.com\/hr\/leadership\/","url":"https:\/\/novumspero.com\/hr\/leadership\/","name":"Leadership - NOVUM SPERO","isPartOf":{"@id":"https:\/\/novumspero.com\/#website"},"primaryImageOfPage":{"@id":"https:\/\/novumspero.com\/hr\/leadership\/#primaryimage"},"image":{"@id":"https:\/\/novumspero.com\/hr\/leadership\/#primaryimage"},"thumbnailUrl":"https:\/\/novumspero.com\/wp-content\/uploads\/2025\/06\/laboratory-8895977_1920-e1749128877459.webp","datePublished":"2025-05-20T08:00:48+00:00","dateModified":"2025-06-23T12:19:22+00:00","breadcrumb":{"@id":"https:\/\/novumspero.com\/hr\/leadership\/#breadcrumb"},"inLanguage":"hr","potentialAction":[{"@type":"ReadAction","target":["https:\/\/novumspero.com\/hr\/leadership\/"]}]},{"@type":"ImageObject","inLanguage":"hr","@id":"https:\/\/novumspero.com\/hr\/leadership\/#primaryimage","url":"https:\/\/novumspero.com\/wp-content\/uploads\/2025\/06\/laboratory-8895977_1920-e1749128877459.webp","contentUrl":"https:\/\/novumspero.com\/wp-content\/uploads\/2025\/06\/laboratory-8895977_1920-e1749128877459.webp","width":1523,"height":1280},{"@type":"BreadcrumbList","@id":"https:\/\/novumspero.com\/hr\/leadership\/#breadcrumb","itemListElement":[{"@type":"ListItem","position":1,"name":"Home","item":"https:\/\/novumspero.com\/en\/"},{"@type":"ListItem","position":2,"name":"Leadership"}]},{"@type":"WebSite","@id":"https:\/\/novumspero.com\/#website","url":"https:\/\/novumspero.com\/","name":"NOVUM SPERO","description":"Revolution in Antibiotics and First Anti-Tumor Drug","publisher":{"@id":"https:\/\/novumspero.com\/#organization"},"potentialAction":[{"@type":"SearchAction","target":{"@type":"EntryPoint","urlTemplate":"https:\/\/novumspero.com\/?s={search_term_string}"},"query-input":{"@type":"PropertyValueSpecification","valueRequired":true,"valueName":"search_term_string"}}],"inLanguage":"hr"},{"@type":"Organization","@id":"https:\/\/novumspero.com\/#organization","name":"NOVUM SPERO","url":"https:\/\/novumspero.com\/","logo":{"@type":"ImageObject","inLanguage":"hr","@id":"https:\/\/novumspero.com\/#\/schema\/logo\/image\/","url":"https:\/\/novumspero.com\/wp-content\/uploads\/2025\/06\/NS.webp","contentUrl":"https:\/\/novumspero.com\/wp-content\/uploads\/2025\/06\/NS.webp","width":115,"height":90,"caption":"NOVUM SPERO"},"image":{"@id":"https:\/\/novumspero.com\/#\/schema\/logo\/image\/"}}]}},"_links":{"self":[{"href":"https:\/\/novumspero.com\/hr\/wp-json\/wp\/v2\/pages\/20","targetHints":{"allow":["GET"]}}],"collection":[{"href":"https:\/\/novumspero.com\/hr\/wp-json\/wp\/v2\/pages"}],"about":[{"href":"https:\/\/novumspero.com\/hr\/wp-json\/wp\/v2\/types\/page"}],"author":[{"embeddable":true,"href":"https:\/\/novumspero.com\/hr\/wp-json\/wp\/v2\/users\/1"}],"replies":[{"embeddable":true,"href":"https:\/\/novumspero.com\/hr\/wp-json\/wp\/v2\/comments?post=20"}],"version-history":[{"count":0,"href":"https:\/\/novumspero.com\/hr\/wp-json\/wp\/v2\/pages\/20\/revisions"}],"wp:featuredmedia":[{"embeddable":true,"href":"https:\/\/novumspero.com\/hr\/wp-json\/wp\/v2\/media\/461"}],"wp:attachment":[{"href":"https:\/\/novumspero.com\/hr\/wp-json\/wp\/v2\/media?parent=20"}],"curies":[{"name":"wp","href":"https:\/\/api.w.org\/{rel}","templated":true}]}}